{"id":2300,"date":"2025-09-15T11:03:46","date_gmt":"2025-09-15T11:03:46","guid":{"rendered":"https:\/\/journeywithhorses.nl\/?page_id=2300"},"modified":"2026-02-16T16:30:23","modified_gmt":"2026-02-16T16:30:23","slug":"algemene-voorwaarden-2","status":"publish","type":"page","link":"https:\/\/journeywithhorses.nl\/?page_id=2300","title":{"rendered":"Algemene voorwaarden"},"content":{"rendered":"\t\t<div data-elementor-type=\"wp-page\" data-elementor-id=\"2300\" class=\"elementor elementor-2300\">\n\t\t\t\t\t\t\t\t\t<section class=\"elementor-section elementor-top-section elementor-element elementor-element-720f9095 elementor-section-boxed elementor-section-height-default elementor-section-height-default\" data-id=\"720f9095\" data-element_type=\"section\" data-settings=\"{&quot;background_background&quot;:&quot;classic&quot;}\">\n\t\t\t\t\t\t\t<div class=\"elementor-background-overlay\"><\/div>\n\t\t\t\t\t\t\t<div class=\"elementor-container elementor-column-gap-default\">\n\t\t\t\t\t<div class=\"elementor-column elementor-col-100 elementor-top-column elementor-element elementor-element-7991cd14\" data-id=\"7991cd14\" data-element_type=\"column\">\n\t\t\t<div class=\"elementor-widget-wrap elementor-element-populated\">\n\t\t\t\t\t\t\t\t<div class=\"elementor-element elementor-element-16a78244 elementor-widget elementor-widget-heading\" data-id=\"16a78244\" data-element_type=\"widget\" data-widget_type=\"heading.default\">\n\t\t\t\t<div class=\"elementor-widget-container\">\n\t\t\t<style>\/*! elementor - v3.17.0 - 08-11-2023 *\/\n.elementor-heading-title{padding:0;margin:0;line-height:1}.elementor-widget-heading .elementor-heading-title[class*=elementor-size-]>a{color:inherit;font-size:inherit;line-height:inherit}.elementor-widget-heading .elementor-heading-title.elementor-size-small{font-size:15px}.elementor-widget-heading .elementor-heading-title.elementor-size-medium{font-size:19px}.elementor-widget-heading .elementor-heading-title.elementor-size-large{font-size:29px}.elementor-widget-heading .elementor-heading-title.elementor-size-xl{font-size:39px}.elementor-widget-heading .elementor-heading-title.elementor-size-xxl{font-size:59px}<\/style><h1 class=\"elementor-heading-title elementor-size-default\">algemene voorwaarden<\/h1>\t\t<\/div>\n\t\t\t\t<\/div>\n\t\t\t\t<div class=\"elementor-element elementor-element-392b9563 elementor-align-center elementor-tablet-align-center elementor-widget__width-auto elementor-widget elementor-widget-button\" data-id=\"392b9563\" data-element_type=\"widget\" data-widget_type=\"button.default\">\n\t\t\t\t<div class=\"elementor-widget-container\">\n\t\t\t\t\t<div class=\"elementor-button-wrapper\">\n\t\t\t<a class=\"elementor-button elementor-button-link elementor-size-sm\" href=\"#\">\n\t\t\t\t\t\t<span class=\"elementor-button-content-wrapper\">\n\t\t\t\t\t\t<span class=\"elementor-button-text\">Home<\/span>\n\t\t<\/span>\n\t\t\t\t\t<\/a>\n\t\t<\/div>\n\t\t\t\t<\/div>\n\t\t\t\t<\/div>\n\t\t\t\t<div class=\"elementor-element elementor-element-bc76299 elementor-widget__width-auto elementor-widget elementor-widget-heading\" data-id=\"bc76299\" data-element_type=\"widget\" data-widget_type=\"heading.default\">\n\t\t\t\t<div class=\"elementor-widget-container\">\n\t\t\t<h2 class=\"elementor-heading-title elementor-size-default\">\/<\/h2>\t\t<\/div>\n\t\t\t\t<\/div>\n\t\t\t\t<div class=\"elementor-element elementor-element-60f63e63 elementor-align-center elementor-tablet-align-center elementor-widget__width-auto elementor-widget elementor-widget-button\" data-id=\"60f63e63\" data-element_type=\"widget\" data-widget_type=\"button.default\">\n\t\t\t\t<div class=\"elementor-widget-container\">\n\t\t\t\t\t<div class=\"elementor-button-wrapper\">\n\t\t\t<a class=\"elementor-button elementor-button-link elementor-size-sm\" href=\"#\">\n\t\t\t\t\t\t<span class=\"elementor-button-content-wrapper\">\n\t\t\t\t\t\t<span class=\"elementor-button-text\">Algemene voorwaarden<\/span>\n\t\t<\/span>\n\t\t\t\t\t<\/a>\n\t\t<\/div>\n\t\t\t\t<\/div>\n\t\t\t\t<\/div>\n\t\t\t\t\t<\/div>\n\t\t<\/div>\n\t\t\t\t\t\t\t<\/div>\n\t\t<\/section>\n\t\t\t\t<section class=\"elementor-section elementor-top-section elementor-element elementor-element-4ae01f8 elementor-section-boxed elementor-section-height-default elementor-section-height-default\" data-id=\"4ae01f8\" data-element_type=\"section\">\n\t\t\t\t\t\t<div class=\"elementor-container elementor-column-gap-default\">\n\t\t\t\t\t<div class=\"elementor-column elementor-col-100 elementor-top-column elementor-element elementor-element-ff79699\" data-id=\"ff79699\" data-element_type=\"column\">\n\t\t\t<div class=\"elementor-widget-wrap elementor-element-populated\">\n\t\t\t\t\t\t\t\t<div class=\"elementor-element elementor-element-475983e elementor-widget elementor-widget-text-editor\" data-id=\"475983e\" data-element_type=\"widget\" data-widget_type=\"text-editor.default\">\n\t\t\t\t<div class=\"elementor-widget-container\">\n\t\t\t<style>\/*! elementor - v3.17.0 - 08-11-2023 *\/\n.elementor-widget-text-editor.elementor-drop-cap-view-stacked .elementor-drop-cap{background-color:#69727d;color:#fff}.elementor-widget-text-editor.elementor-drop-cap-view-framed .elementor-drop-cap{color:#69727d;border:3px solid;background-color:transparent}.elementor-widget-text-editor:not(.elementor-drop-cap-view-default) .elementor-drop-cap{margin-top:8px}.elementor-widget-text-editor:not(.elementor-drop-cap-view-default) .elementor-drop-cap-letter{width:1em;height:1em}.elementor-widget-text-editor .elementor-drop-cap{float:left;text-align:center;line-height:1;font-size:50px}.elementor-widget-text-editor .elementor-drop-cap-letter{display:inline-block}<\/style>\t\t\t\t<p><u>Algemene voorwaarden<\/u><\/p><p><em>Bedrijfsgegevens:<\/em><\/p><p>Journey with Horses<\/p><p>Jagerspad 10 B, 4283 GM Giessen<\/p><p>Kvk-nummer: 91032369<\/p><p>BTW-nummer: NL004860587B44<\/p><p><em>Definities<\/em><\/p><p>Opdrachtnemer: Sanne Jacobs, zelfstandig (paarden)coach Journey with Horses (paarden)coaching.<\/p><p>Opdrachtgever: cli\u00ebnt of organisatie die gebruik maakt van de door Journey with Horses aangeboden diensten.<\/p><p><em>Toepassing<\/em><br \/>Deze Algemene Voorwaarden zijn van toepassing op alle overeenkomsten tussen Sanne Jacobs | Journey with Horses (paarden)coaching (hierna te noemen opdrachtnemer) met de persoon en\/of organisatie (hierna te noemen opdrachtgever) die gebruik maakt van de door opdrachtnemer aangeboden diensten. Beide partijen verklaren zich bij het aangaan van een overeenkomst uitdrukkelijk met deze Algemene Voorwaarden bekend en akkoord.<\/p><p><em>Geheimhouding<\/em><\/p><p>Beide partijen erkennen dat de inhoud van de relatie alsmede de gegevens en informatie welke aan hen bekend zijn\/worden in het kader van de overeenkomst en de uitvoering van de overeenkomst een strikt vertrouwelijk karakter hebben.<\/p><p>Geen van beide partijen zal direct of indirect de inhoud van de relatie alsmede de gegevens en informatie aan derden bekend maken.<\/p><p>De verplichtingen zoals hierboven beschreven gelden zowel gedurende de looptijd van een overeenkomst als na afloop daarvan.<\/p><p><em>Totstandkoming van overeenkomst<\/em><\/p><p>Het invullen van het contactformulier, het stellen van telefonische of schriftelijke vragen en een online kennismakingsgesprek zijn vrijblijvend en gratis.<\/p><p>Een aanvraag of afspraak is definitief na een schriftelijke bevestiging (per e-mail, Whatsapp of SMS) van de opdrachtnemer. De opdrachtnemer behoudt zich het recht om opdrachten te weigeren.<\/p><p><em>Communicatie<\/em><\/p><p>Communicatie tussen opdrachtgever en opdrachtnemer vindt plaats via telefoon, SMS, e-mail, het contactformulier op de website of schriftelijk.<\/p><p>Opdrachtnemer streeft ernaar om binnen vijf werkdagen te reageren.<\/p><p>Elektronische communicatie (zoals e-mail en WhatsApp) wordt geacht rechtsgeldig te zijn en als ontvangen beschouwd op de dag van verzending, tenzij opdrachtgever kan aantonen dat dit niet het geval is.<\/p><p><em>Risico, schade en aansprakelijkheid<\/em><\/p><p>Tijdens een coachingssessie zijn beide partijen verantwoordelijk voor het eigen welzijn.<\/p><p>Opdrachtnemer cre\u00ebert een zo veilig mogelijke situatie voor cli\u00ebnt, coach \u00e9n paard. Zij is zich bewust van de risico\u2019s van het werken met paarden\/pony\u2019s en de onberekenbaarheid daarvan.<\/p><p>Opdrachtgever is zich bewust van en accepteert het risico wat voortvloeit uit de omgang met paarden\/pony\u2019s. Opdrachtgever volgt ten alle tijden de instructies van de opdrachtnemer op om de veiligheid voor cli\u00ebnt, coach \u00e9n paard zoveel mogelijk te waarborgen.<\/p><p>Deelname onder invloed van alcohol, drugs of andere middelen is niet toegestaan. Agressief, grensoverschrijdend of onveilig gedrag jegens mens of dier leidt tot onmiddellijke be\u00ebindiging van de sessie zonder restitutie.<\/p><p>Opdrachtgever erkent dat paarden levende en onvoorspelbare dieren zijn. Deelname houdt acceptatie in van het inherente risico dat hiermee gepaard gaat.<\/p><p><em>Aansprakelijkheidsbeperking<\/em><\/p><p>Opdrachtnemer beschikt over een aansprakelijkheidsverzekering voor bedrijven.<\/p><ol><li>Beperking van aansprakelijkheid: Journey with Horses is uitsluitend aansprakelijk voor directe schade die het gevolg is van een toerekenbare tekortkoming in de uitvoering van de overeenkomst. Iedere aansprakelijkheid is per schadegeval beperkt tot het bedrag dat in het betreffende geval door de bedrijfsaansprakelijkheidsverzekering van Journey with Horses wordt uitgekeerd, vermeerderd met het eigen risico dat volgens de polisvoorwaarden voor rekening van Journey with Horses komt. Conform de polis van Univ\u00e9 bedraagt: Het verzekerde bedrag voor bedrijfsaansprakelijkheid \u20ac2.500.000 per gebeurtenis (max. 2x per jaar). Het eigen risico \u20ac250 per gebeurtenis.<\/li><\/ol><ol start=\"2\"><li>Maximering van aansprakelijkheid indien geen uitkering door verzekeraar: Indien om welke reden dan ook geen uitkering door de verzekeraar plaatsvindt, is de totale aansprakelijkheid van Journey with Horses beperkt tot het bedrag van de factuur van de betreffende opdracht, met een absoluut maximum van \u20ac1.500 per gebeurtenis.<\/li><li>Uitsluiting van indirecte schade: Journey with Horses is niet aansprakelijk voor indirecte schade, waaronder \u2013 maar niet uitsluitend \u2013 begrepen: gevolgschade, gederfde winst, gemiste besparingen, verlies van data, reputatieschade, bedrijfstagnatie, emotionele schade of andere immateri\u00eble schade.<\/li><li>Risico\u2019s verbonden aan activiteiten met paarden: Deelnemer is zich ervan bewust dat activiteiten met paarden \u2013 ondanks de veiligheidsmaatregelen en het feit dat niet op paarden wordt gereden \u2013 altijd een zeker risico met zich meebrengen. Journey with Horses is niet aansprakelijk voor schade die ontstaat door een onverwachte reactie van een paard, tenzij sprake is van opzet of grove schuld aan de zijde van Journey with Horses.<\/li><li>Eigen verantwoordelijkheid van deelnemer: Deelnemer blijft ten allen tijde zelf verantwoordelijk voor zijn of haar gedragingen tijdens de activiteit en voor het opvolgen van instructies. Schade die ontstaat doordat aanwijzingen niet worden opgevolgd, komt volledig voor rekening van de deelnemer.<\/li><li>Aansprakelijkheid voor eigendommen van klanten: schade aan eigendommen van klanten is verzekerd tot \u20ac25.000 per gebeurtenis met een eigen risico van \u20ac250,- conform de AVB-polis van Univ\u00e9.<\/li><li>Opdrachtgever vrijwaart opdrachtnemer voor aanspraken van derden die voortvloeien uit het handelen of nalaten van opdrachtgever tijdens of in relatie tot de coaching.<\/li><\/ol><p><em>Inspanningsverplichting<\/em><\/p><p>Opdrachtnemer heeft een inspanningsverplichting en geen resultaatsverplichting. Opdrachtnemer zal zich naar beste inzicht en vermogen inzetten voor de uitvoering van de overeenkomst. Er kunnen echter geen garanties worden gegeven met betrekking tot het behalen van specifieke resultaten.<\/p><p>Opdrachtgever is zelf verantwoordelijk voor zijn\/haar proces, keuzes, inzet en de toepassing van hetgeen tijdens de coaching wordt besproken. Het succes van de coaching is mede afhankelijk van de actieve deelname en bereidheid van opdrachtgever.<\/p><p>Coaching is geen vervanging voor medische, psychologische of psychiatrische behandeling. Indien nodig blijft opdrachtgever zelf verantwoordelijk voor het inschakelen van passende professionele hulp.<\/p><p><em>Minderjarigen <\/em><\/p><p>Voor deelname van minderjarigen is schriftelijke toestemming van een wettelijk vertegenwoordiger vereist.<\/p><p><em>Gezondheid en geschiktheid van cli\u00ebnt<\/em><\/p><p>Cli\u00ebnt verklaart fysiek en mentaal in staat te zijn deel te nemen.<\/p><p>Cli\u00ebnt meldt relevante medische of psychische klachten.<\/p><p>Coaching is geen therapie of medische behandeling.<\/p><p>Opdrachtnemer is geen medisch of psychologisch behandelaar en stelt geen diagnoses.<\/p><p>Opdrachtgever blijft zelf verantwoordelijk voor het inschakelen van medische of psychische zorg wanneer dit nodig is.<\/p><p>Opdrachtnemer behoudt zich het recht voor deelname te weigeren of te be\u00ebindigen wanneer de gezondheidstoestand van opdrachtgever de veiligheid of het proces kan be\u00efnvloeden.<\/p><p>\u00a0<\/p><p><em>Tarieven, facturen en betaling<\/em><\/p><p>Betaling van een losse (intake)sessie vindt plaats binnen 14 dagen na fatuurdatum.<br \/>Betaling van een traject vindt plaats binnen 14 dagen na fatuurdatum. Betalingsregeling is in overleg mogelijk.<\/p><p>Een traject dient binnen 5 maanden na startdatum te worden afgerond, tenzij anders overeengekomen.<\/p><p>Indien het traject niet binnen de overeengekomen termijn wordt afgerond, vervallen de resterende sessies zonder recht op restitutie, tenzij schriftelijk anders overeengekomen.<\/p><p>Bij een onderbreking van langer dan zes weken wordt in overleg beoordeeld of en onder welke voorwaarden het traject kan worden voortgezet.<\/p><p>Betaling vindt plaats door middel van een overboeking of contante betaling, op basis van een toegestuurde factuur.<\/p><p>Vervolgsessies vinden geen doorgang als de voorgaande sessies niet zijn betaald.<\/p><p>Opdrachtgever ontvangt de factuur per e-mail binnen \u00e9\u00e9n week na de (intake)sessie.<\/p><p>Opdrachtnemer behoudt zich het recht voor tarieven jaarlijks te indexeren op basis van inflatie of gewijzigde kosten. Eventuele prijswijzigingen worden vooraf schriftelijk gecommuniceerd.<\/p><p><em>Annulering <\/em><\/p><p>Annulering of verplaatsing door opdrachtgever dient uiterlijk 24 uur voor de gemaakte afspraak gemeld te worden, telefonisch of schriftelijk. Indien een coachingssessie te laat afgemeld wordt of opdrachtgever niet op de afspraak verschijnt zal deze alsnog in rekening worden gebracht.<\/p><p>Als de opdrachtgever het overeengekomen traject tussentijds be\u00ebindigt bestaat er geen recht op verrekening van het factuurbedrag.<\/p><p>Opdrachtnemer behoudt zich het recht de overeenkomst tussentijds te be\u00ebindigen wanneer bij herhaling en ondanks waarschuwing de opdrachtgever de gemaakte afspraken niet nakomt of zich dusdanig gedraagt dat het laten voortduren van de overeenkomst voor de opdrachtnemer onacceptabel is. In dit geval blijven de overeengekomen financi\u00eble verplichtingen van kracht.<\/p><p>Bij te laat verschijnen vindt de sessie plaats binnen de resterende tijd. De eindtijd blijft ongewijzigd en er is geen recht op restitutie of verlenging.<\/p><p>Annuleringen die buiten de openingstijden worden verzonden (bijv. \u2019s nachts) worden geacht te zijn ontvangen op de eerstvolgende werkdag.<\/p><p><em>Overmacht<\/em><\/p><p>Annulering of verplaatsing door opdrachtnemer kan voorkomen in geval van overmacht (zoals onweer, storm, extreme hitte, gladheid, ziekte of blessure van het paard, overheidsmaatregelen, andere veiligheidsrisico\u2019s of onvoorziene omstandigheden). In dit geval vervalt de betalingsverplichting van de opdrachtgever. In goed overleg wordt een vervangende datum overeengekomen.<\/p><p><em>Privacy<\/em><\/p><p>Opdrachtnemer verwerkt persoonsgegevens van opdrachtgever in het kader van de uitvoering van de overeenkomst. Het betreft onder meer naam. E-mailadres, telefoonnummer en intakegegevens.<\/p><p>Deze gegevens worden uitsluitend gebruikt voor contact, facturatie en het uitvoeren van coachingstrajecten.<\/p><p>Factuurgegeven worden conform de wettelijke fiscale bewaarplicht zeven jaar bewaard. Overige persoonsgegeven worden niet langer bewaard dan noodzakelijk voor het doel waarvoor zij zijn verzameld, met een maximale bewaartermijn van twee jaar na afronding van het traject, tenzij een langere bewaartermijn wettelijk verplicht is.<\/p><p>Opdrachtgever heeft het recht om zijn\/haar persoonsgegevens in te zien, te corrigeren of te laten verwijderen, voor zover dit niet in strijd is met wettelijke bewaarplichten.<\/p><p>Opdrachtnemer verstrekt persoonsgegevens niet aan derden en verkoopt deze niet, tenzij dit noodzakelijk is voor de uitvoering van de overeenkomst of wettelijk verplicht is.<\/p><p>Op de verwerking van persoonsgegevens is de privacyverklaring van opdrachtnemer van toepassing.<\/p><p>\u00a0<\/p><p><em>Opnames en social media <\/em><\/p><p>Het is niet toegestaan foto\u2019s of opnames te maken, tenzij met wederzijdse instemming.<\/p><p>Beeldmateriaal of tekst mag alleen met wederzijdse toestemming op social media worden geplaatst.<\/p><p><em>Klachten en geschillen<\/em><\/p><p>Het kan voorkomen dat u niet tevreden bent met de coaching of een klacht heeft. U kunt dit te allen tijde aangeven bij de opdrachtnemer, zodat er in goed overleg een passende oplossing gevonden kan worden.<\/p><p>Klachten worden binnen twee weken in behandeling genomen. Mocht een klacht een langere verwerkingstijd vragen, geeft de opdrachtnemer de opdrachtgever binnen twee weken een indicatie wanneer er een antwoord verwacht kan worden.<\/p><p>Klachten kunnen zowel mondeling als schriftelijk (e-mail) worden ingediend.<\/p><p><em>Slotbepalingen<\/em><\/p><p>Wijziging algemene voorwaarden<\/p><p>Opdrachtnemer behoudt zich het recht voor deze algemene voorwaarden te wijzigen. De meest recente versie is van toepassing.<\/p><p>Ongeldigheid bepaling<\/p><p>Indien een bepaling uit deze voorwaarden nietig of vernietigbaar blijkt, blijven de overige bepalingen volledig van kracht.<\/p><p>Toepasselijk recht<\/p><p>Op alle overeenkomsten is Nederlands recht van toepassing. Geschillen worden voorgelegd aan de bevoegde rechter in het arrondissement waar opdrachtnemer is gevestigd.<\/p><p>\u00a0<\/p>\t\t\t\t\t\t<\/div>\n\t\t\t\t<\/div>\n\t\t\t\t\t<\/div>\n\t\t<\/div>\n\t\t\t\t\t\t\t<\/div>\n\t\t<\/section>\n\t\t\t\t\t\t\t<\/div>\n\t\t","protected":false},"excerpt":{"rendered":"<p>algemene voorwaarden Home \/ Algemene voorwaarden Algemene voorwaarden Bedrijfsgegevens: Journey with Horses Jagerspad 10 B, 4283 GM Giessen Kvk-nummer: 91032369 BTW-nummer: NL004860587B44 Definities Opdrachtnemer: Sanne Jacobs, zelfstandig (paarden)coach Journey with Horses (paarden)coaching. Opdrachtgever: cli\u00ebnt of organisatie die gebruik maakt van de door Journey with Horses aangeboden diensten. ToepassingDeze Algemene Voorwaarden zijn van toepassing op alle [&hellip;]<\/p>\n","protected":false},"author":1,"featured_media":0,"parent":0,"menu_order":0,"comment_status":"closed","ping_status":"closed","template":"elementor_canvas","meta":{"footnotes":""},"class_list":["post-2300","page","type-page","status-publish","hentry"],"_links":{"self":[{"href":"https:\/\/journeywithhorses.nl\/index.php?rest_route=\/wp\/v2\/pages\/2300","targetHints":{"allow":["GET"]}}],"collection":[{"href":"https:\/\/journeywithhorses.nl\/index.php?rest_route=\/wp\/v2\/pages"}],"about":[{"href":"https:\/\/journeywithhorses.nl\/index.php?rest_route=\/wp\/v2\/types\/page"}],"author":[{"embeddable":true,"href":"https:\/\/journeywithhorses.nl\/index.php?rest_route=\/wp\/v2\/users\/1"}],"replies":[{"embeddable":true,"href":"https:\/\/journeywithhorses.nl\/index.php?rest_route=%2Fwp%2Fv2%2Fcomments&post=2300"}],"version-history":[{"count":31,"href":"https:\/\/journeywithhorses.nl\/index.php?rest_route=\/wp\/v2\/pages\/2300\/revisions"}],"predecessor-version":[{"id":2474,"href":"https:\/\/journeywithhorses.nl\/index.php?rest_route=\/wp\/v2\/pages\/2300\/revisions\/2474"}],"wp:attachment":[{"href":"https:\/\/journeywithhorses.nl\/index.php?rest_route=%2Fwp%2Fv2%2Fmedia&parent=2300"}],"curies":[{"name":"wp","href":"https:\/\/api.w.org\/{rel}","templated":true}]}}